{"id":32,"date":"2024-11-07T17:16:33","date_gmt":"2024-11-07T16:16:33","guid":{"rendered":"http:\/\/192.168.20.111\/wp4\/?page_id=2"},"modified":"2025-12-04T13:39:14","modified_gmt":"2025-12-04T12:39:14","slug":"jidelni-listek","status":"publish","type":"page","link":"https:\/\/usester.cz\/?page_id=32","title":{"rendered":"J\u00eddeln\u00ed L\u00edstek"},"content":{"rendered":"\n<p>Ceny j\u00eddeln\u00edho l\u00edstku na restauraci se li\u0161\u00ed (levn\u011bj\u0161\u00ed ceny) od j\u00eddeln\u00edho l\u00edstku na rozvoz d\u011bkujeme.  <\/p>\n\n\n\n<h1 class=\"wp-block-heading has-text-align-center\">Chu\u0165ovky<\/h1>\n\n\n\n<h2 class=\"wp-block-heading\">150g Dom\u00e1c\u00ed Lango\u0161 bez P\u0159\u00edsad<\/h2>\n\n\n\n<p>S\u00fdr +5 K\u010d \/ Tatarka +5 K\u010d \/ Ke\u010dup +5K\u010d <br>(1,3,12)<\/p>\n\n\n\n<p class=\"has-text-align-right has-medium-font-size\">Cena 75 K\u010d<\/p>\n\n\n\n<hr class=\"wp-block-separator has-alpha-channel-opacity\"\/>\n\n\n\n<h2 class=\"wp-block-heading\"><\/h2>\n\n\n\n<hr class=\"wp-block-separator has-alpha-channel-opacity\"\/>\n\n\n\n<h2 class=\"wp-block-heading\">120g Dom\u00e1c\u00ed brambor\u00e1\u010dky 4ks<\/h2>\n\n\n\n<p>(1,3,12)<\/p>\n\n\n\n<p class=\"has-text-align-right has-medium-font-size\">Cena 110 K\u010d<\/p>\n\n\n\n<hr class=\"wp-block-separator has-alpha-channel-opacity\"\/>\n\n\n\n<h2 class=\"wp-block-heading\"><\/h2>\n\n\n\n<hr class=\"wp-block-separator has-alpha-channel-opacity is-style-wide\"\/>\n\n\n\n<h1 class=\"wp-block-heading has-text-align-center\">N\u011bco k pivu<\/h1>\n\n\n\n<h2 class=\"wp-block-heading\">Pizza ty\u010dinky 9ks<\/h2>\n\n\n\n<p>Pomodoro, s\u00fdr, \u010desnek (1,7,12)<\/p>\n\n\n\n<p class=\"has-text-align-right has-medium-font-size\">Cena 95 K\u010d<\/p>\n\n\n\n<hr class=\"wp-block-separator has-alpha-channel-opacity\"\/>\n\n\n\n<h2 class=\"wp-block-heading\">Pizza ty\u010dinky 9ks<\/h2>\n\n\n\n<p>Pomodoro, s\u00fdr, \u010desnek, slanina (1,7,12)<\/p>\n\n\n\n<p class=\"has-text-align-right has-medium-font-size\">Cena 105 K\u010d<\/p>\n\n\n\n<hr class=\"wp-block-separator has-alpha-channel-opacity\"\/>\n\n\n\n<h2 class=\"wp-block-heading\"><\/h2>\n\n\n\n<hr class=\"wp-block-separator has-alpha-channel-opacity is-style-wide\"\/>\n\n\n\n<h1 class=\"wp-block-heading has-text-align-center\">Hamburgery<\/h1>\n\n\n\n<p class=\"has-text-align-center\"><em>Box na hamburger +20 K\u010d Zabalen\u00ed +15 K\u010d<\/em><\/p>\n\n\n\n<h2 class=\"wp-block-heading\">150g Dom\u00e1c\u00ed hamburger s dom\u00e1c\u00edmi hranolkami a dipem<\/h2>\n\n\n\n<p>Dom\u00e1c\u00ed houska, vep\u0159ov\u00e9 trhan\u00e9 maso, karamelizovan\u00e1 cibulka, <br>cheddar, sal\u00e1t, dressing (1,7,10,12)<\/p>\n\n\n\n<p class=\"has-text-align-right has-medium-font-size\">Cena 179 K\u010d<\/p>\n\n\n\n<hr class=\"wp-block-separator has-alpha-channel-opacity\"\/>\n\n\n\n<h2 class=\"wp-block-heading\">150g Hov\u011bz\u00ed hamburger s dom\u00e1c\u00edmi hranolkami a dipem<\/h2>\n\n\n\n<p>Dom\u00e1c\u00ed houska, hov\u011bz\u00ed maso, anglick\u00e1 slanina, cheddar, vejce, okurka,<br>raj\u010de, sal\u00e1t, rukola, \u010derven\u00e1 cibule, dresing (1,3,10)<\/p>\n\n\n\n<p class=\"has-text-align-right has-medium-font-size\">Cena 210 K\u010d<\/p>\n\n\n\n<hr class=\"wp-block-separator has-alpha-channel-opacity is-style-wide\"\/>\n\n\n\n<h1 class=\"wp-block-heading has-text-align-center\">Speciality<\/h1>\n\n\n\n<h2 class=\"wp-block-heading\"><\/h2>\n\n\n\n<hr class=\"wp-block-separator has-alpha-channel-opacity\"\/>\n\n\n\n<h2 class=\"wp-block-heading\">1000g \u017debra<\/h2>\n\n\n\n<p><strong>Doba p\u0159\u00edpravy cca 40 minut<\/strong><br>Masit\u00e9, kysel\u00e9 okurky, cibulky, koz\u00ed rohy, 2 kraj\u00edce chleba (1,10,12)<\/p>\n\n\n\n<p class=\"has-text-align-right has-medium-font-size\">Cena 280 K\u010d<\/p>\n\n\n\n<hr class=\"wp-block-separator has-alpha-channel-opacity\"\/>\n\n\n\n<h2 class=\"wp-block-heading\">1000-1100g Uzen\u00e9 koleno s kost\u00ed<\/h2>\n\n\n\n<p><strong>Doba p\u0159\u00edpravy cca 40 minut<\/strong><br>Ho\u0159\u010dice, k\u0159en, kysel\u00e9 okurky, cibulky, koz\u00ed rohy, 2 kraj\u00edce chleba (1,10,12)<\/p>\n\n\n\n<p class=\"has-text-align-right has-medium-font-size\">Cena 310 K\u010d<\/p>\n\n\n\n<hr class=\"wp-block-separator has-alpha-channel-opacity is-style-wide\"\/>\n\n\n\n<h1 class=\"wp-block-heading has-text-align-center\">Hlavn\u00ed j\u00eddlo<\/h1>\n\n\n\n<h2 class=\"wp-block-heading\">150g Ku\u0159ec\u00ed \u0159\u00edzek<\/h2>\n\n\n\n<p>(1)<\/p>\n\n\n\n<p class=\"has-text-align-right has-medium-font-size\">Cena 149 K\u010d<\/p>\n\n\n\n<hr class=\"wp-block-separator has-alpha-channel-opacity\"\/>\n\n\n\n<h2 class=\"wp-block-heading\"><\/h2>\n\n\n\n<hr class=\"wp-block-separator has-alpha-channel-opacity\"\/>\n\n\n\n<h2 class=\"wp-block-heading\"><\/h2>\n\n\n\n<hr class=\"wp-block-separator has-alpha-channel-opacity\"\/>\n\n\n\n<h2 class=\"wp-block-heading\"><\/h2>\n\n\n\n<hr class=\"wp-block-separator has-alpha-channel-opacity\"\/>\n\n\n\n<h2 class=\"wp-block-heading\">80g Topinka ohniv\u00e1k 1ks<\/h2>\n\n\n\n<p>Ku\u0159ec\u00ed k\u0159id\u00fdlka v BBQ, chilli \/ sladk\u00e9 om\u00e1\u010dce, cibule, chleba, zelenina (1,3,7,12)<\/p>\n\n\n\n<p class=\"has-text-align-right has-medium-font-size\">Cena 135 K\u010d<\/p>\n\n\n\n<hr class=\"wp-block-separator has-alpha-channel-opacity is-style-wide\"\/>\n\n\n\n<h1 class=\"wp-block-heading has-text-align-center\"><\/h1>\n\n\n\n<hr class=\"wp-block-separator has-alpha-channel-opacity is-style-wide\"\/>\n\n\n\n<h1 class=\"wp-block-heading has-text-align-center\">P\u0159\u00edlohy<\/h1>\n\n\n\n<h2 class=\"wp-block-heading\">200g Bramborov\u00e1 ka\u0161e<\/h2>\n\n\n\n<p>(3,7)<\/p>\n\n\n\n<p class=\"has-text-align-right has-medium-font-size\">Cena 45 K\u010d<\/p>\n\n\n\n<hr class=\"wp-block-separator has-alpha-channel-opacity\"\/>\n\n\n\n<h2 class=\"wp-block-heading\">200g Va\u0159en\u00e9 brambory<\/h2>\n\n\n\n<p class=\"has-text-align-right has-medium-font-size\">Cena 45 K\u010d<\/p>\n\n\n\n<hr class=\"wp-block-separator has-alpha-channel-opacity\"\/>\n\n\n\n<h2 class=\"wp-block-heading\">200g Hranolky<\/h2>\n\n\n\n<p>(1)<\/p>\n\n\n\n<p class=\"has-text-align-right has-medium-font-size\">Cena 40 K\u010d<\/p>\n\n\n\n<hr class=\"wp-block-separator has-alpha-channel-opacity\"\/>\n\n\n\n<h2 class=\"wp-block-heading\">200g Dom\u00e1c\u00ed hranolky<\/h2>\n\n\n\n<p class=\"has-text-align-right has-medium-font-size\">Cena 40 K\u010d<\/p>\n\n\n\n<hr class=\"wp-block-separator has-alpha-channel-opacity is-style-wide\"\/>\n\n\n\n<h1 class=\"wp-block-heading has-text-align-center\">Om\u00e1\u010dky<\/h1>\n\n\n\n<h2 class=\"wp-block-heading\">Tatarka<\/h2>\n\n\n\n<p>(3)<\/p>\n\n\n\n<p class=\"has-text-align-right has-medium-font-size\">Cena 15 K\u010d<\/p>\n\n\n\n<hr class=\"wp-block-separator has-alpha-channel-opacity\"\/>\n\n\n\n<h2 class=\"wp-block-heading\">Ke\u010dup<\/h2>\n\n\n\n<p class=\"has-text-align-right has-medium-font-size\">Cena 15 K\u010d<\/p>\n\n\n\n<hr class=\"wp-block-separator has-alpha-channel-opacity\"\/>\n\n\n\n<h2 class=\"wp-block-heading\">Sweet Chilli, \u010e\u00e1belsk\u00e1 <\/h2>\n\n\n\n<p class=\"has-text-align-right has-medium-font-size\">Cena 20 K\u010d<\/p>\n\n\n\n<hr class=\"wp-block-separator has-alpha-channel-opacity is-style-wide\"\/>\n\n\n\n<blockquote class=\"wp-block-quote is-layout-flow wp-block-quote-is-layout-flow\">\n<p class=\"has-text-align-center\">P\u0159i objedn\u00e1vce polovi\u010dn\u00ed porce \u00fa\u010dtujeme 70% z ceny uveden\u00e9 v j\u00eddeln\u00edm listku.<br>V\u0161echny gram\u00e1\u017ee surovin jsou uvedeny v surov\u00e9m stavu. <br>J\u00eddla mohou obsahovat alergeny 1-14 jejich seznam je na vy\u017e\u00e1d\u00e1n\u00ed u obsluhy.<\/p>\n<\/blockquote>\n","protected":false},"excerpt":{"rendered":"<p>Ceny j\u00eddeln\u00edho l\u00edstku na restauraci se li\u0161\u00ed (levn\u011bj\u0161\u00ed ceny) od j\u00eddeln\u00edho l\u00edstku na rozvoz d\u011bkujeme. Chu\u0165ovky 150g Dom\u00e1c\u00ed Lango\u0161 bez P\u0159\u00edsad S\u00fdr +5 K\u010d \/ Tatarka +5 K\u010d \/ Ke\u010dup +5K\u010d (1,3,12) Cena 75 K\u010d 120g Dom\u00e1c\u00ed brambor\u00e1\u010dky 4ks (1,3,12) &hellip; <a href=\"https:\/\/usester.cz\/?page_id=32\">Cel\u00fd p\u0159\u00edsp\u011bvek <span class=\"meta-nav\">&rarr;<\/span><\/a><\/p>\n","protected":false},"author":1,"featured_media":0,"parent":0,"menu_order":3,"comment_status":"closed","ping_status":"closed","template":"onecolumn-page.php","meta":{"footnotes":""},"class_list":["post-32","page","type-page","status-publish","hentry"],"_links":{"self":[{"href":"https:\/\/usester.cz\/index.php?rest_route=\/wp\/v2\/pages\/32","targetHints":{"allow":["GET"]}}],"collection":[{"href":"https:\/\/usester.cz\/index.php?rest_route=\/wp\/v2\/pages"}],"about":[{"href":"https:\/\/usester.cz\/index.php?rest_route=\/wp\/v2\/types\/page"}],"author":[{"embeddable":true,"href":"https:\/\/usester.cz\/index.php?rest_route=\/wp\/v2\/users\/1"}],"replies":[{"embeddable":true,"href":"https:\/\/usester.cz\/index.php?rest_route=%2Fwp%2Fv2%2Fcomments&post=32"}],"version-history":[{"count":14,"href":"https:\/\/usester.cz\/index.php?rest_route=\/wp\/v2\/pages\/32\/revisions"}],"predecessor-version":[{"id":296,"href":"https:\/\/usester.cz\/index.php?rest_route=\/wp\/v2\/pages\/32\/revisions\/296"}],"wp:attachment":[{"href":"https:\/\/usester.cz\/index.php?rest_route=%2Fwp%2Fv2%2Fmedia&parent=32"}],"curies":[{"name":"wp","href":"https:\/\/api.w.org\/{rel}","templated":true}]}}