{"id":62,"date":"2024-11-08T14:19:10","date_gmt":"2024-11-08T13:19:10","guid":{"rendered":"http:\/\/192.168.20.151\/wp\/?page_id=62"},"modified":"2026-04-08T08:50:33","modified_gmt":"2026-04-08T06:50:33","slug":"denni-menu","status":"publish","type":"page","link":"https:\/\/usester.cz\/?page_id=62","title":{"rendered":"\u00a0Denn\u00ed menu"},"content":{"rendered":"\n<p><strong>Menu: 07.04\u201310.04.2026\u00a0\u00a0\u00a0\u00a0\u00a0\u00a0\u00a0\u00a0\u00a0\u00a0\u00a0\u00a0\u00a0\u00a0\u00a0\u00a0\u00a0\u00a0\u00a0\u00a0\u00a0\u00a0\u00a0\u00a0\u00a0\u00a0\u00a0\u00a0\u00a0\u00a0\u00a0\u00a0\u00a0\u00a0\u00a0\u00a0\u00a0\u00a0\u00a0\u00a0\u00a0\u00a0\u00a0\u00a0\u00a0\u00a0\u00a0\u00a0\u00a0\u00a0\u00a0\u00a0\u00a0\u00a0\u00a0\u00a0\u00a0<\/strong><\/p>\n\n\n\n<p><strong>Pond\u011bl\u00ed:<\/strong><\/p>\n\n\n\n<p><strong>Vesel\u00e9 Velikonoce.<\/strong><strong><br><br><\/strong><\/p>\n\n\n\n<p><strong>\u00dater\u00fd:<\/strong><br>Pol\u00e9vka: \u010do\u010dkov\u00e1 s&nbsp;p\u00e1rkem<\/p>\n\n\n\n<p>Vep\u0159ov\u00fd pl\u00e1tek , rajsk\u00e1 om\u00e1\u010dka , houskov\u00fd knedl\u00edk<\/p>\n\n\n\n<p>Zap\u00e9kan\u00e9 t\u011bstoviny s\u00a0uzen\u00fdm masem , okurek<\/p>\n\n\n\n<p>Ku\u0159ec\u00ed sm\u011bs , hranolky<\/p>\n\n\n\n<p><strong>St\u0159eda:<\/strong><\/p>\n\n\n\n<p>Pol\u00e9vka: V\u00fdvar masov\u00fd<\/p>\n\n\n\n<p>Karban\u00e1tky s\u00a0p\u0159\u00edrodn\u00ed om\u00e1\u010dkou , bramborov\u00e1 ka\u0161e<\/p>\n\n\n\n<p>Pe\u010den\u00e9 ku\u0159ec\u00ed stehno , r\u00fd\u017ee\u00a0<\/p>\n\n\n\n<p>Ku\u0159ec\u00ed sm\u011bs , hranolky<\/p>\n\n\n\n<p>Bramborov\u00e9 knedl\u00edky pln\u011bn\u00e9 jahodami , zakysan\u00e1 smetana<\/p>\n\n\n\n<p><strong>\u010ctvrtek:<\/strong><\/p>\n\n\n\n<p>Pol\u00e9vka: Kulajda<\/p>\n\n\n\n<p>Cmunda po kaplicku<\/p>\n\n\n\n<p>Koprov\u00e1 om\u00e1\u010dka , vejce , va\u0159en\u00fd brambor<\/p>\n\n\n\n<p>Ku\u0159ec\u00ed sm\u011bs , hranolky\u00a0\u00a0\u00a0\u00a0\u00a0\u00a0\u00a0\u00a0\u00a0\u00a0\u00a0\u00a0\u00a0\u00a0\u00a0\u00a0\u00a0\u00a0\u00a0<\/p>\n\n\n\n<p><strong>P\u00e1tek:<\/strong><\/p>\n\n\n\n<p>Pol\u00e9vka: Vala\u0161sk\u00e1 kyselice\u00a0<\/p>\n\n\n\n<p>Vep\u0159ov\u00fd \u0159\u00edzek na ruby\u00a0 , Bramborov\u00e1 ka\u0161e<\/p>\n\n\n\n<p>Vep\u0159ov\u00fd gul\u00e1\u0161 , \u0161pecle\u00a0<\/p>\n\n\n\n<p>Ku\u0159ec\u00ed sm\u011bs , hranolky\u00a0\u00a0\u00a0<\/p>\n\n\n\n<p>&nbsp;<\/p>\n\n\n\n<p><strong>&nbsp;&nbsp;&nbsp;&nbsp;&nbsp;&nbsp;&nbsp;&nbsp;&nbsp;&nbsp;&nbsp;&nbsp;&nbsp;&nbsp;&nbsp;&nbsp;&nbsp;&nbsp;&nbsp;&nbsp;&nbsp;&nbsp;&nbsp;&nbsp;&nbsp;&nbsp;&nbsp;&nbsp;&nbsp;&nbsp;&nbsp;&nbsp;&nbsp;&nbsp;&nbsp;&nbsp;&nbsp;&nbsp;&nbsp;&nbsp;&nbsp;&nbsp;&nbsp;&nbsp;&nbsp;&nbsp;&nbsp;&nbsp;&nbsp;&nbsp;&nbsp;&nbsp;&nbsp;&nbsp;&nbsp;&nbsp;&nbsp;&nbsp;                            <\/strong><\/p>\n\n\n\n<blockquote class=\"wp-block-quote has-text-align-center is-layout-flow wp-block-quote-is-layout-flow\">\n<p>Menu od 11:00 do 14:00 hod<br><br>Cena menu na restauraci <strong>135 K\u010d<\/strong><br>Cena menu na rozvoz + 10K\u010d za Box <strong>145 K\u010d<\/strong><br>Rozvoz po Rychvald\u011b 145 K\u010d +10 K\u010d za rozvoz <strong>155 K\u010d<\/strong><br>Rozvoz mimo Rychvald 145 K\u010d +20 K\u010d za rozvoz <strong>165 K\u010d<\/strong><br>Rozvoz od 11:30<br>0,3dc limon\u00e1dy k menu za <strong>15 K\u010d<\/strong><\/p>\n<\/blockquote>\n\n\n\n<p><\/p>\n","protected":false},"excerpt":{"rendered":"<p>Menu: 07.04\u201310.04.2026\u00a0\u00a0\u00a0\u00a0\u00a0\u00a0\u00a0\u00a0\u00a0\u00a0\u00a0\u00a0\u00a0\u00a0\u00a0\u00a0\u00a0\u00a0\u00a0\u00a0\u00a0\u00a0\u00a0\u00a0\u00a0\u00a0\u00a0\u00a0\u00a0\u00a0\u00a0\u00a0\u00a0\u00a0\u00a0\u00a0\u00a0\u00a0\u00a0\u00a0\u00a0\u00a0\u00a0\u00a0\u00a0\u00a0\u00a0\u00a0\u00a0\u00a0\u00a0\u00a0\u00a0\u00a0\u00a0\u00a0\u00a0 Pond\u011bl\u00ed: Vesel\u00e9 Velikonoce. \u00dater\u00fd:Pol\u00e9vka: \u010do\u010dkov\u00e1 s&nbsp;p\u00e1rkem Vep\u0159ov\u00fd pl\u00e1tek , rajsk\u00e1 om\u00e1\u010dka , houskov\u00fd knedl\u00edk Zap\u00e9kan\u00e9 t\u011bstoviny s\u00a0uzen\u00fdm masem , okurek Ku\u0159ec\u00ed sm\u011bs , hranolky St\u0159eda: Pol\u00e9vka: V\u00fdvar masov\u00fd Karban\u00e1tky s\u00a0p\u0159\u00edrodn\u00ed om\u00e1\u010dkou , bramborov\u00e1 ka\u0161e Pe\u010den\u00e9 ku\u0159ec\u00ed stehno , &hellip; <a href=\"https:\/\/usester.cz\/?page_id=62\">Cel\u00fd p\u0159\u00edsp\u011bvek <span class=\"meta-nav\">&rarr;<\/span><\/a><\/p>\n","protected":false},"author":1,"featured_media":0,"parent":0,"menu_order":1,"comment_status":"closed","ping_status":"closed","template":"onecolumn-page.php","meta":{"footnotes":""},"class_list":["post-62","page","type-page","status-publish","hentry"],"_links":{"self":[{"href":"https:\/\/usester.cz\/index.php?rest_route=\/wp\/v2\/pages\/62","targetHints":{"allow":["GET"]}}],"collection":[{"href":"https:\/\/usester.cz\/index.php?rest_route=\/wp\/v2\/pages"}],"about":[{"href":"https:\/\/usester.cz\/index.php?rest_route=\/wp\/v2\/types\/page"}],"author":[{"embeddable":true,"href":"https:\/\/usester.cz\/index.php?rest_route=\/wp\/v2\/users\/1"}],"replies":[{"embeddable":true,"href":"https:\/\/usester.cz\/index.php?rest_route=%2Fwp%2Fv2%2Fcomments&post=62"}],"version-history":[{"count":47,"href":"https:\/\/usester.cz\/index.php?rest_route=\/wp\/v2\/pages\/62\/revisions"}],"predecessor-version":[{"id":328,"href":"https:\/\/usester.cz\/index.php?rest_route=\/wp\/v2\/pages\/62\/revisions\/328"}],"wp:attachment":[{"href":"https:\/\/usester.cz\/index.php?rest_route=%2Fwp%2Fv2%2Fmedia&parent=62"}],"curies":[{"name":"wp","href":"https:\/\/api.w.org\/{rel}","templated":true}]}}